{"id":19,"date":"2023-03-06T12:16:40","date_gmt":"2023-03-06T15:16:40","guid":{"rendered":"https:\/\/ahuasca.com\/?page_id=19"},"modified":"2023-03-06T12:22:42","modified_gmt":"2023-03-06T15:22:42","slug":"o-grande-arcano","status":"publish","type":"page","link":"https:\/\/ahuasca.com\/index.php\/o-grande-arcano\/","title":{"rendered":"O GRANDE ARCANO"},"content":{"rendered":"\n<p>Na condu\u00e7\u00e3o da realidade revela-se o Grande Arcano, <\/p>\n\n\n\n<p>cumpre a profecia da volta da Divina Mestria <\/p>\n\n\n\n<p>anunciada do oriente ao ocidente. <\/p>\n\n\n\n<p>Manifesto no cora\u00e7\u00e3o, o Esp\u00edrito da Verdade habita o planeta Terra. <\/p>\n\n\n\n<p>Portadores da Joia, florescemos a gera\u00e7\u00e3o que vivifica a For\u00e7a <\/p>\n\n\n\n<p>reluzindo Luz, guiados \u00e0 Presen\u00e7a. <\/p>\n\n\n\n<p>Perante a destrui\u00e7\u00e3o da ilus\u00e3o, <\/p>\n\n\n\n<p>percebemos o engano submetido a experimenta\u00e7\u00e3o e despertamos. <\/p>\n\n\n\n<p>A Madre Una recebe o que est\u00e1 dando Luz ao que \u00e9. <\/p>\n\n\n\n<p>O Sol Central emana a paz constru\u00edda no magn\u00edfico ciclo da precisa jornada.<\/p>\n\n\n\n<p>Acolhe os pensamentos, soluciona o paradoxo e sana, <\/p>\n\n\n\n<p>conjugando a Sublime Uni\u00e3o. <\/p>\n\n\n\n<p>\u00c9 compreendida a exist\u00eancia, percebendo o equil\u00edbrio. <\/p>\n\n\n\n<p>\u00c9 conclamada a Liberdade exercendo a Vontade. <\/p>\n\n\n\n<p>\u00c9 concedido o Perd\u00e3o respeitando a Sensibilidade. <\/p>\n\n\n\n<p>\u00c9 consagrado o Amor ressarcindo a Humanidade. <\/p>\n\n\n\n<p>Uma vez Somos Um. <\/p>\n\n\n\n<p>Um Deus Ver \u00e9 O Bem Deus Ser. <\/p>\n","protected":false},"excerpt":{"rendered":"<p>Na condu\u00e7\u00e3o da realidade revela-se o Grande Arcano, cumpre a profecia da volta da Divina Mestria anunciada do oriente ao ocidente. Manifesto no cora\u00e7\u00e3o, o Esp\u00edrito da Verdade habita o planeta Terra. Portadores da Joia, florescemos a gera\u00e7\u00e3o que vivifica a For\u00e7a reluzindo Luz, guiados \u00e0 Presen\u00e7a. Perante a destrui\u00e7\u00e3o da ilus\u00e3o, percebemos o engano [&hellip;]<\/p>\n","protected":false},"author":1,"featured_media":0,"parent":0,"menu_order":0,"comment_status":"closed","ping_status":"closed","template":"","meta":{"footnotes":""},"class_list":["post-19","page","type-page","status-publish","hentry"],"_links":{"self":[{"href":"https:\/\/ahuasca.com\/index.php\/wp-json\/wp\/v2\/pages\/19"}],"collection":[{"href":"https:\/\/ahuasca.com\/index.php\/wp-json\/wp\/v2\/pages"}],"about":[{"href":"https:\/\/ahuasca.com\/index.php\/wp-json\/wp\/v2\/types\/page"}],"author":[{"embeddable":true,"href":"https:\/\/ahuasca.com\/index.php\/wp-json\/wp\/v2\/users\/1"}],"replies":[{"embeddable":true,"href":"https:\/\/ahuasca.com\/index.php\/wp-json\/wp\/v2\/comments?post=19"}],"version-history":[{"count":2,"href":"https:\/\/ahuasca.com\/index.php\/wp-json\/wp\/v2\/pages\/19\/revisions"}],"predecessor-version":[{"id":22,"href":"https:\/\/ahuasca.com\/index.php\/wp-json\/wp\/v2\/pages\/19\/revisions\/22"}],"wp:attachment":[{"href":"https:\/\/ahuasca.com\/index.php\/wp-json\/wp\/v2\/media?parent=19"}],"curies":[{"name":"wp","href":"https:\/\/api.w.org\/{rel}","templated":true}]}}